{"id":4382,"date":"2020-01-17T07:37:44","date_gmt":"2020-01-17T10:37:44","guid":{"rendered":"https:\/\/www.dbarj.com.br\/?page_id=4382"},"modified":"2020-01-17T07:53:31","modified_gmt":"2020-01-17T10:53:31","slug":"oci360-oracle-cloud-infrastructure-360o-view","status":"publish","type":"page","link":"https:\/\/www.dbarj.com.br\/pt-br\/oci360-oracle-cloud-infrastructure-360o-view\/","title":{"rendered":"OCI360 &#8211; Oracle Cloud Infrastructure 360\u00ba View"},"content":{"rendered":"<p><strong>Oracle Cloud Infrastructure 360\u00ba View<\/strong>\u00a0\u00e9 um framework e ferramenta open-source gratuita que serve para gerar um relat\u00f3rio completo em formato HTML do seu tenancy e que permite uma an\u00e1lise r\u00e1pida e sofisticada dos seus recursos sendo alocados no OCI para uma melhor otimiza\u00e7\u00e3o de utiliza\u00e7\u00e3o. Voc\u00ea tamb\u00e9m pode adapt\u00e1-lo para gerar suas pr\u00f3prias consultas e criar alguns relat\u00f3rios personalizados do seu tenancy no OCI.<\/p>\n<p>A ferramenta n\u00e3o instala nada e tudo o que precisa \u00e9 de um schema de banco de dados para gerar e ler seu modelo de dados. Demora cerca de 30 minutos para executar.<\/p>\n<p><strong>Para um exemplo de relat\u00f3rio completo de meu tenancy, abra\u00a0<a href=\"http:\/\/oci360.dbarj.com.br\/\" target=\"_blank\" rel=\"nofollow noopener noreferrer\">http:\/\/oci360.dbarj.com.br\/<\/a>.<\/strong><\/p>\n<h3>Mais Informa\u00e7\u00f5es<\/h3>\n<p>A ferramenta est\u00e1 dispon\u00edvel no github, em: <a href=\"https:\/\/github.com\/dbarj\/oci360\" target=\"_blank\" rel=\"noopener noreferrer\">https:\/\/github.com\/dbarj\/oci360<\/a><\/p>\n<p>Tamb\u00e9m mantenho uma wiki com muitas outras informa\u00e7\u00f5es, como manual de instala\u00e7\u00e3o, dispon\u00edvel em:\u00a0<a href=\"https:\/\/github.com\/dbarj\/oci360\/wiki\/\" target=\"_blank\" rel=\"noopener noreferrer\">https:\/\/github.com\/dbarj\/oci360\/wiki\/<\/a><\/p>\n<div class='watch-action'><div class='watch-position align-left'><div class='action-like'><a class='lbg-style2 like-4382 jlk' href='javascript:void(0)' data-task='like' data-post_id='4382' data-nonce='de4404f630' rel='nofollow'><img class='wti-pixel' src='https:\/\/www.dbarj.com.br\/wp-content\/plugins\/wti-like-post\/images\/pixel.gif' title='Like' \/><span class='lc-4382 lc'>+3<\/span><\/a><\/div><\/div> <div class='status-4382 status align-left'><\/div><\/div><div class='wti-clear'><\/div>","protected":false},"excerpt":{"rendered":"<p>Oracle Cloud Infrastructure 360\u00ba View\u00a0\u00e9 um framework e ferramenta open-source gratuita que serve para gerar um relat\u00f3rio completo em formato HTML do seu tenancy e que permite uma an\u00e1lise r\u00e1pida e sofisticada dos seus recursos sendo alocados no OCI para uma melhor otimiza\u00e7\u00e3o de utiliza\u00e7\u00e3o. Voc\u00ea tamb\u00e9m pode adapt\u00e1-lo para gerar suas pr\u00f3prias consultas e &hellip; <\/p>\n<p><a class=\"more-link btn\" href=\"https:\/\/www.dbarj.com.br\/pt-br\/oci360-oracle-cloud-infrastructure-360o-view\/\">Continue lendo<\/a><\/p>\n","protected":false},"author":1,"featured_media":0,"parent":0,"menu_order":0,"comment_status":"open","ping_status":"closed","template":"","meta":{"footnotes":""},"class_list":["post-4382","page","type-page","status-publish","hentry","nodate","item-wrap"],"yoast_head":"<!-- This site is optimized with the Yoast SEO plugin v27.4 - https:\/\/yoast.com\/product\/yoast-seo-wordpress\/ -->\n<title>OCI360 - Oracle Cloud Infrastructure 360\u00ba View - DBA - Rodrigo Jorge - Oracle Tips and Guides<\/title>\n<meta name=\"description\" content=\"Oracle Cloud Infrastructure 360\u00ba View (OCI360)\u00a0\u00e9 um framework e ferramenta open-source gratuita que serve para gerar um relat\u00f3rio completo em formato HTML do seu tenancy e que permite uma an\u00e1lise r\u00e1pida e sofisticada dos seus recursos sendo alocados no OCI para uma melhor otimiza\u00e7\u00e3o de utiliza\u00e7\u00e3o. Voc\u00ea tamb\u00e9m pode adapt\u00e1-lo para gerar suas pr\u00f3prias consultas e criar alguns relat\u00f3rios personalizados do seu tenancy no OCI.\" \/>\n<meta name=\"robots\" content=\"index, follow, max-snippet:-1, max-image-preview:large, max-video-preview:-1\" \/>\n<link rel=\"canonical\" href=\"https:\/\/www.dbarj.com.br\/pt-br\/oci360-oracle-cloud-infrastructure-360o-view\/\" \/>\n<meta name=\"twitter:label1\" content=\"Est. tempo de leitura\" \/>\n\t<meta name=\"twitter:data1\" content=\"1 minuto\" \/>\n<script type=\"application\/ld+json\" class=\"yoast-schema-graph\">{\"@context\":\"https:\\\/\\\/schema.org\",\"@graph\":[{\"@type\":\"WebPage\",\"@id\":\"https:\\\/\\\/www.dbarj.com.br\\\/pt-br\\\/oci360-oracle-cloud-infrastructure-360o-view\\\/\",\"url\":\"https:\\\/\\\/www.dbarj.com.br\\\/pt-br\\\/oci360-oracle-cloud-infrastructure-360o-view\\\/\",\"name\":\"OCI360 - Oracle Cloud Infrastructure 360\u00ba View - DBA - Rodrigo Jorge - Oracle Tips and Guides\",\"isPartOf\":{\"@id\":\"https:\\\/\\\/www.dbarj.com.br\\\/pt-br\\\/#website\"},\"datePublished\":\"2020-01-17T10:37:44+00:00\",\"dateModified\":\"2020-01-17T10:53:31+00:00\",\"description\":\"Oracle Cloud Infrastructure 360\u00ba View (OCI360)\u00a0\u00e9 um framework e ferramenta open-source gratuita que serve para gerar um relat\u00f3rio completo em formato HTML do seu tenancy e que permite uma an\u00e1lise r\u00e1pida e sofisticada dos seus recursos sendo alocados no OCI para uma melhor otimiza\u00e7\u00e3o de utiliza\u00e7\u00e3o. Voc\u00ea tamb\u00e9m pode adapt\u00e1-lo para gerar suas pr\u00f3prias consultas e criar alguns relat\u00f3rios personalizados do seu tenancy no OCI.\",\"breadcrumb\":{\"@id\":\"https:\\\/\\\/www.dbarj.com.br\\\/pt-br\\\/oci360-oracle-cloud-infrastructure-360o-view\\\/#breadcrumb\"},\"inLanguage\":\"pt-BR\",\"potentialAction\":[{\"@type\":\"ReadAction\",\"target\":[\"https:\\\/\\\/www.dbarj.com.br\\\/pt-br\\\/oci360-oracle-cloud-infrastructure-360o-view\\\/\"]}]},{\"@type\":\"BreadcrumbList\",\"@id\":\"https:\\\/\\\/www.dbarj.com.br\\\/pt-br\\\/oci360-oracle-cloud-infrastructure-360o-view\\\/#breadcrumb\",\"itemListElement\":[{\"@type\":\"ListItem\",\"position\":1,\"name\":\"Home\",\"item\":\"https:\\\/\\\/www.dbarj.com.br\\\/pt-br\\\/\"},{\"@type\":\"ListItem\",\"position\":2,\"name\":\"OCI360 - Oracle Cloud Infrastructure 360\u00ba View\"}]},{\"@type\":\"WebSite\",\"@id\":\"https:\\\/\\\/www.dbarj.com.br\\\/pt-br\\\/#website\",\"url\":\"https:\\\/\\\/www.dbarj.com.br\\\/pt-br\\\/\",\"name\":\"DBA - Rodrigo Jorge - Oracle Tips and Guides\",\"description\":\"Blog about Databases, Security and High Availability\",\"publisher\":{\"@id\":\"https:\\\/\\\/www.dbarj.com.br\\\/pt-br\\\/#\\\/schema\\\/person\\\/28a44ca3a6633fe4156ad1ea209d40a9\"},\"potentialAction\":[{\"@type\":\"SearchAction\",\"target\":{\"@type\":\"EntryPoint\",\"urlTemplate\":\"https:\\\/\\\/www.dbarj.com.br\\\/pt-br\\\/?s={search_term_string}\"},\"query-input\":{\"@type\":\"PropertyValueSpecification\",\"valueRequired\":true,\"valueName\":\"search_term_string\"}}],\"inLanguage\":\"pt-BR\"},{\"@type\":[\"Person\",\"Organization\"],\"@id\":\"https:\\\/\\\/www.dbarj.com.br\\\/pt-br\\\/#\\\/schema\\\/person\\\/28a44ca3a6633fe4156ad1ea209d40a9\",\"name\":\"DBA RJ\",\"image\":{\"@type\":\"ImageObject\",\"inLanguage\":\"pt-BR\",\"@id\":\"https:\\\/\\\/www.dbarj.com.br\\\/wp-content\\\/uploads\\\/2019\\\/09\\\/RodrigoJorgePOUG19.png\",\"url\":\"https:\\\/\\\/www.dbarj.com.br\\\/wp-content\\\/uploads\\\/2019\\\/09\\\/RodrigoJorgePOUG19.png\",\"contentUrl\":\"https:\\\/\\\/www.dbarj.com.br\\\/wp-content\\\/uploads\\\/2019\\\/09\\\/RodrigoJorgePOUG19.png\",\"width\":712,\"height\":712,\"caption\":\"DBA RJ\"},\"logo\":{\"@id\":\"https:\\\/\\\/www.dbarj.com.br\\\/wp-content\\\/uploads\\\/2019\\\/09\\\/RodrigoJorgePOUG19.png\"}}]}<\/script>\n<!-- \/ Yoast SEO plugin. -->","yoast_head_json":{"title":"OCI360 - Oracle Cloud Infrastructure 360\u00ba View - DBA - Rodrigo Jorge - Oracle Tips and Guides","description":"Oracle Cloud Infrastructure 360\u00ba View (OCI360)\u00a0\u00e9 um framework e ferramenta open-source gratuita que serve para gerar um relat\u00f3rio completo em formato HTML do seu tenancy e que permite uma an\u00e1lise r\u00e1pida e sofisticada dos seus recursos sendo alocados no OCI para uma melhor otimiza\u00e7\u00e3o de utiliza\u00e7\u00e3o. Voc\u00ea tamb\u00e9m pode adapt\u00e1-lo para gerar suas pr\u00f3prias consultas e criar alguns relat\u00f3rios personalizados do seu tenancy no OCI.","robots":{"index":"index","follow":"follow","max-snippet":"max-snippet:-1","max-image-preview":"max-image-preview:large","max-video-preview":"max-video-preview:-1"},"canonical":"https:\/\/www.dbarj.com.br\/pt-br\/oci360-oracle-cloud-infrastructure-360o-view\/","twitter_misc":{"Est. tempo de leitura":"1 minuto"},"schema":{"@context":"https:\/\/schema.org","@graph":[{"@type":"WebPage","@id":"https:\/\/www.dbarj.com.br\/pt-br\/oci360-oracle-cloud-infrastructure-360o-view\/","url":"https:\/\/www.dbarj.com.br\/pt-br\/oci360-oracle-cloud-infrastructure-360o-view\/","name":"OCI360 - Oracle Cloud Infrastructure 360\u00ba View - DBA - Rodrigo Jorge - Oracle Tips and Guides","isPartOf":{"@id":"https:\/\/www.dbarj.com.br\/pt-br\/#website"},"datePublished":"2020-01-17T10:37:44+00:00","dateModified":"2020-01-17T10:53:31+00:00","description":"Oracle Cloud Infrastructure 360\u00ba View (OCI360)\u00a0\u00e9 um framework e ferramenta open-source gratuita que serve para gerar um relat\u00f3rio completo em formato HTML do seu tenancy e que permite uma an\u00e1lise r\u00e1pida e sofisticada dos seus recursos sendo alocados no OCI para uma melhor otimiza\u00e7\u00e3o de utiliza\u00e7\u00e3o. Voc\u00ea tamb\u00e9m pode adapt\u00e1-lo para gerar suas pr\u00f3prias consultas e criar alguns relat\u00f3rios personalizados do seu tenancy no OCI.","breadcrumb":{"@id":"https:\/\/www.dbarj.com.br\/pt-br\/oci360-oracle-cloud-infrastructure-360o-view\/#breadcrumb"},"inLanguage":"pt-BR","potentialAction":[{"@type":"ReadAction","target":["https:\/\/www.dbarj.com.br\/pt-br\/oci360-oracle-cloud-infrastructure-360o-view\/"]}]},{"@type":"BreadcrumbList","@id":"https:\/\/www.dbarj.com.br\/pt-br\/oci360-oracle-cloud-infrastructure-360o-view\/#breadcrumb","itemListElement":[{"@type":"ListItem","position":1,"name":"Home","item":"https:\/\/www.dbarj.com.br\/pt-br\/"},{"@type":"ListItem","position":2,"name":"OCI360 - Oracle Cloud Infrastructure 360\u00ba View"}]},{"@type":"WebSite","@id":"https:\/\/www.dbarj.com.br\/pt-br\/#website","url":"https:\/\/www.dbarj.com.br\/pt-br\/","name":"DBA - Rodrigo Jorge - Oracle Tips and Guides","description":"Blog about Databases, Security and High Availability","publisher":{"@id":"https:\/\/www.dbarj.com.br\/pt-br\/#\/schema\/person\/28a44ca3a6633fe4156ad1ea209d40a9"},"potentialAction":[{"@type":"SearchAction","target":{"@type":"EntryPoint","urlTemplate":"https:\/\/www.dbarj.com.br\/pt-br\/?s={search_term_string}"},"query-input":{"@type":"PropertyValueSpecification","valueRequired":true,"valueName":"search_term_string"}}],"inLanguage":"pt-BR"},{"@type":["Person","Organization"],"@id":"https:\/\/www.dbarj.com.br\/pt-br\/#\/schema\/person\/28a44ca3a6633fe4156ad1ea209d40a9","name":"DBA RJ","image":{"@type":"ImageObject","inLanguage":"pt-BR","@id":"https:\/\/www.dbarj.com.br\/wp-content\/uploads\/2019\/09\/RodrigoJorgePOUG19.png","url":"https:\/\/www.dbarj.com.br\/wp-content\/uploads\/2019\/09\/RodrigoJorgePOUG19.png","contentUrl":"https:\/\/www.dbarj.com.br\/wp-content\/uploads\/2019\/09\/RodrigoJorgePOUG19.png","width":712,"height":712,"caption":"DBA RJ"},"logo":{"@id":"https:\/\/www.dbarj.com.br\/wp-content\/uploads\/2019\/09\/RodrigoJorgePOUG19.png"}}]}},"_links":{"self":[{"href":"https:\/\/www.dbarj.com.br\/pt-br\/wp-json\/wp\/v2\/pages\/4382","targetHints":{"allow":["GET"]}}],"collection":[{"href":"https:\/\/www.dbarj.com.br\/pt-br\/wp-json\/wp\/v2\/pages"}],"about":[{"href":"https:\/\/www.dbarj.com.br\/pt-br\/wp-json\/wp\/v2\/types\/page"}],"author":[{"embeddable":true,"href":"https:\/\/www.dbarj.com.br\/pt-br\/wp-json\/wp\/v2\/users\/1"}],"replies":[{"embeddable":true,"href":"https:\/\/www.dbarj.com.br\/pt-br\/wp-json\/wp\/v2\/comments?post=4382"}],"version-history":[{"count":2,"href":"https:\/\/www.dbarj.com.br\/pt-br\/wp-json\/wp\/v2\/pages\/4382\/revisions"}],"predecessor-version":[{"id":4386,"href":"https:\/\/www.dbarj.com.br\/pt-br\/wp-json\/wp\/v2\/pages\/4382\/revisions\/4386"}],"wp:attachment":[{"href":"https:\/\/www.dbarj.com.br\/pt-br\/wp-json\/wp\/v2\/media?parent=4382"}],"curies":[{"name":"wp","href":"https:\/\/api.w.org\/{rel}","templated":true}]}}