{"id":4,"date":"2013-05-14T23:25:23","date_gmt":"2013-05-15T02:25:23","guid":{"rendered":"http:\/\/www.dbarj.com.br\/?page_id=4"},"modified":"2024-09-05T10:58:26","modified_gmt":"2024-09-05T13:58:26","slug":"sobre","status":"publish","type":"page","link":"https:\/\/www.dbarj.com.br\/pt-br\/sobre\/","title":{"rendered":"Sobre"},"content":{"rendered":"<p><a href=\"https:\/\/www.dbarj.com.br\/wp-content\/uploads\/2021\/06\/Rodrigo-Jorge.jpg\"><img loading=\"lazy\" decoding=\"async\" class=\"alignnone size-medium wp-image-14528\" src=\"https:\/\/www.dbarj.com.br\/wp-content\/uploads\/2021\/06\/Rodrigo-Jorge-225x300.jpg\" alt=\"\" width=\"225\" height=\"300\" srcset=\"https:\/\/www.dbarj.com.br\/wp-content\/uploads\/2021\/06\/Rodrigo-Jorge-225x300.jpg 225w, https:\/\/www.dbarj.com.br\/wp-content\/uploads\/2021\/06\/Rodrigo-Jorge-768x1024.jpg 768w, https:\/\/www.dbarj.com.br\/wp-content\/uploads\/2021\/06\/Rodrigo-Jorge-1152x1536.jpg 1152w, https:\/\/www.dbarj.com.br\/wp-content\/uploads\/2021\/06\/Rodrigo-Jorge-870x1160.jpg 870w, https:\/\/www.dbarj.com.br\/wp-content\/uploads\/2021\/06\/Rodrigo-Jorge.jpg 1200w\" sizes=\"auto, (max-width: 225px) 100vw, 225px\" \/><\/a><\/p>\n<p style=\"text-align: justify;\"><strong>Rodrigo de Araujo Jorge<\/strong> \u00e9 um Distinguished Product Manager e profissional Oracle certificado (<strong>OCM 12c, 11g, MAA &amp; Cloud<\/strong>, <span style=\"color: #800000;\"><strong>Ex ACE Director<\/strong><\/span>, OCE Data Guard &amp; RAC &amp; Performance Tuning, OCS Security &amp; DW) com mais de 15 anos de experi\u00eancia industrial em tecnologias Oracle de alta disponibilidade, desde o Oracle Database vers\u00e3o 8i. Ele esteve envolvido com m\u00faltiplas plataformas HAS e complexas montagens de n\u00f3s RAC, implementados no AIX, Linux, Solaris e HPUX. Tem vasta experi\u00eancia na elabora\u00e7\u00e3o de solu\u00e7\u00f5es de recupera\u00e7\u00e3o de desastres compat\u00edveis com a Oracle MAA.<\/p>\n<p style=\"text-align: justify;\">Tendo passado por empresas como a Petr\u00f3leo Ipiranga, Capgemini, IBM, Amdocs e Accenture Enkitec, prestando servi\u00e7o para in\u00fameros clientes, atuou em v\u00e1rios projetos de alta disponibilidade para a habilita\u00e7\u00e3o de RAC\/DG em sistemas ERP, CRM, HRMS e MRP, ajustes de desempenho de ponta a ponta, arquitetando solu\u00e7\u00f5es de backup e de recupera\u00e7\u00e3o, al\u00e9m de um padr\u00e3o de m\u00e1xima seguran\u00e7a para os sistemas, como exemplos. Atualmente est\u00e1 trabalhando como Distinguished Product Manager para o time de Upgrades, Migrations, Patching and Utilities.<\/p>\n<p style=\"text-align: justify;\">Meus badges:\u00a0<a href=\"https:\/\/www.youracclaim.com\/user\/rodrigo-jorge\" target=\"_blank\" rel=\"noopener noreferrer\">https:\/\/www.youracclaim.com\/user\/rodrigo-jorge<\/a><\/p>\n<p><em id=\"__mceDel\"><img loading=\"lazy\" decoding=\"async\" class=\"alignnone wp-image-2882 size-full\" src=\"http:\/\/www.dbarj.com.br\/wp-content\/uploads\/2013\/05\/ocm-db12c-maxiAvailArchitlive-clr.gif\" alt=\"\" width=\"133\" height=\"107\" \/><img loading=\"lazy\" decoding=\"async\" class=\"alignnone size-full wp-image-2881\" src=\"http:\/\/www.dbarj.com.br\/wp-content\/uploads\/2013\/05\/O_Database12c_Admin_Master_clr.gif\" alt=\"\" width=\"127\" height=\"94\" \/><img loading=\"lazy\" decoding=\"async\" class=\"alignnone size-full wp-image-2092\" src=\"http:\/\/www.dbarj.com.br\/wp-content\/uploads\/2013\/05\/O_Cert_Master_DbCloudAdmin_clr.gif\" alt=\"Oracle Certified Master, Database Cloud Administrator\" width=\"125\" height=\"94\" \/><a href=\"http:\/\/www.dbarj.com.br\/wp-content\/uploads\/2013\/05\/11gocm_logo.gif\"><img loading=\"lazy\" decoding=\"async\" class=\"alignnone size-full wp-image-1953\" src=\"http:\/\/www.dbarj.com.br\/wp-content\/uploads\/2013\/05\/11gocm_logo.gif\" alt=\"Oracle Database 11g Administrator Certified Master\" width=\"126\" height=\"96\" \/><\/a><a href=\"http:\/\/www.dbarj.com.br\/wp-content\/uploads\/2016\/06\/oce-db12c-data-guard-admini-clr.gif\"><img loading=\"lazy\" decoding=\"async\" class=\"alignnone size-full wp-image-2153\" src=\"http:\/\/www.dbarj.com.br\/wp-content\/uploads\/2016\/06\/oce-db12c-data-guard-admini-clr.gif\" alt=\"Oracle Certified Expert, Oracle Database 12c: Data Guard Administrator\" width=\"154\" height=\"94\" \/><\/a><\/em><a href=\"http:\/\/www.dbarj.com.br\/wp-content\/uploads\/2014\/10\/OCE_ODb11gPerfTun_clr.gif\"><img loading=\"lazy\" decoding=\"async\" class=\"alignnone size-full wp-image-902\" src=\"http:\/\/www.dbarj.com.br\/wp-content\/uploads\/2014\/10\/OCE_ODb11gPerfTun_clr.gif\" alt=\"Oracle Database 11g Performance Tuning Certified Expert\" width=\"126\" height=\"96\" \/><\/a><a href=\"http:\/\/www.dbarj.com.br\/wp-content\/uploads\/2013\/05\/ORealAppClu11gGridInfAdmin_clr.gif\"><img loading=\"lazy\" decoding=\"async\" class=\"alignnone size-full wp-image-476\" src=\"http:\/\/www.dbarj.com.br\/wp-content\/uploads\/2013\/05\/ORealAppClu11gGridInfAdmin_clr.gif\" alt=\"Oracle Certified Expert, Oracle Real Application Clusters 11g and Grid Infrastructure Administrator\" width=\"141\" height=\"120\" \/><\/a><a href=\"http:\/\/www.dbarj.com.br\/wp-content\/uploads\/2017\/04\/O_CertExpert_ODatabase12cORACandOGridInfrastructureAdmin_clr.gif\"><img loading=\"lazy\" decoding=\"async\" class=\"alignnone wp-image-2520 size-full\" src=\"http:\/\/www.dbarj.com.br\/wp-content\/uploads\/2017\/04\/O_CertExpert_ODatabase12cORACandOGridInfrastructureAdmin_clr.gif\" alt=\"Oracle Certified Expert, Oracle Database 12c: RAC and Grid Infrastructure Administrator\" width=\"138\" height=\"120\" \/><\/a><a href=\"http:\/\/www.dbarj.com.br\/wp-content\/uploads\/2013\/05\/O_Certified-Specialist_clr.gif\"><img loading=\"lazy\" decoding=\"async\" class=\"alignnone size-full wp-image-1401\" src=\"http:\/\/www.dbarj.com.br\/wp-content\/uploads\/2013\/05\/O_Certified-Specialist_clr.gif\" alt=\"Oracle Database 11g Data Warehousing Certified Implementation Specialist\" width=\"127\" height=\"69\" \/><\/a><a href=\"http:\/\/www.dbarj.com.br\/wp-content\/uploads\/2013\/05\/OCA_PLSQLDev_clr.gif\"><img loading=\"lazy\" decoding=\"async\" class=\"alignnone size-full wp-image-10\" src=\"http:\/\/www.dbarj.com.br\/wp-content\/uploads\/2013\/05\/OCA_PLSQLDev_clr.gif\" alt=\"Oracle PL\/SQL Developer Certified Associate\" width=\"127\" height=\"83\" \/><\/a><a href=\"http:\/\/www.dbarj.com.br\/wp-content\/uploads\/2013\/05\/OCE_ODbSQL_clr.gif\"><img loading=\"lazy\" decoding=\"async\" class=\"alignnone size-full wp-image-8\" src=\"http:\/\/www.dbarj.com.br\/wp-content\/uploads\/2013\/05\/OCE_ODbSQL_clr.gif\" alt=\"Oracle Database SQL Certified Expert\" width=\"131\" height=\"82\" \/><\/a><\/p>\n<p>&nbsp;<\/p>\n\n<div class=\"wpcf7 no-js\" id=\"wpcf7-f1039-o1\" lang=\"en-US\" dir=\"ltr\" data-wpcf7-id=\"1039\">\n<div class=\"screen-reader-response\"><p role=\"status\" aria-live=\"polite\" aria-atomic=\"true\"><\/p> <ul><\/ul><\/div>\n<form action=\"\/pt-br\/wp-json\/wp\/v2\/pages\/4#wpcf7-f1039-o1\" method=\"post\" class=\"wpcf7-form init\" aria-label=\"Contact form\" novalidate=\"novalidate\" data-status=\"init\">\n<fieldset class=\"hidden-fields-container\"><input type=\"hidden\" name=\"_wpcf7\" value=\"1039\" \/><input type=\"hidden\" name=\"_wpcf7_version\" value=\"6.1.5\" \/><input type=\"hidden\" name=\"_wpcf7_locale\" value=\"en_US\" \/><input type=\"hidden\" name=\"_wpcf7_unit_tag\" value=\"wpcf7-f1039-o1\" \/><input type=\"hidden\" name=\"_wpcf7_container_post\" value=\"0\" \/><input type=\"hidden\" name=\"_wpcf7_posted_data_hash\" value=\"\" \/>\n<\/fieldset>\n<p><b>Entre em contato:<\/b>\n<\/p>\n<p>Nome (obrigat\u00f3rio)\n<\/p>\n<p><span class=\"wpcf7-form-control-wrap\" data-name=\"your-name\"><input size=\"40\" maxlength=\"400\" class=\"wpcf7-form-control wpcf7-text wpcf7-validates-as-required\" aria-required=\"true\" aria-invalid=\"false\" value=\"\" type=\"text\" name=\"your-name\" \/><\/span>\n<\/p>\n<p>Email (obrigat\u00f3rio)\n<\/p>\n<p><span class=\"wpcf7-form-control-wrap\" data-name=\"your-email\"><input size=\"40\" maxlength=\"400\" class=\"wpcf7-form-control wpcf7-email wpcf7-validates-as-required wpcf7-text wpcf7-validates-as-email\" aria-required=\"true\" aria-invalid=\"false\" value=\"\" type=\"email\" name=\"your-email\" \/><\/span>\n<\/p>\n<p>Assunto\n<\/p>\n<p><span class=\"wpcf7-form-control-wrap\" data-name=\"your-subject\"><input size=\"40\" maxlength=\"400\" class=\"wpcf7-form-control wpcf7-text\" aria-invalid=\"false\" value=\"\" type=\"text\" name=\"your-subject\" \/><\/span>\n<\/p>\n<p>Sua Mensagem\n<\/p>\n<p><span class=\"wpcf7-form-control-wrap\" data-name=\"your-message\"><textarea cols=\"40\" rows=\"10\" maxlength=\"2000\" class=\"wpcf7-form-control wpcf7-textarea\" aria-invalid=\"false\" name=\"your-message\"><\/textarea><\/span>\n<\/p>\n<p>Digite este c\u00f3digo: <input type=\"hidden\" name=\"_wpcf7_captcha_challenge_captcha-170\" value=\"1813022109\" \/><img loading=\"lazy\" decoding=\"async\" class=\"wpcf7-form-control wpcf7-captchac wpcf7-captcha-captcha-170\" width=\"72\" height=\"24\" alt=\"captcha\" src=\"https:\/\/www.dbarj.com.br\/wp-content\/uploads\/wpcf7_captcha\/1813022109.png\" \/><br \/>\n<span class=\"wpcf7-form-control-wrap\" data-name=\"captcha-170\"><input size=\"4\" maxlength=\"4\" class=\"wpcf7-form-control wpcf7-captchar\" autocomplete=\"off\" aria-invalid=\"false\" value=\"\" type=\"text\" name=\"captcha-170\" \/><\/span>\n<\/p>\n<p><input class=\"wpcf7-form-control wpcf7-submit has-spinner\" type=\"submit\" value=\"Enviar\" \/>\n<\/p><p style=\"display: none !important;\" class=\"akismet-fields-container\" data-prefix=\"_wpcf7_ak_\"><label>&#916;<textarea name=\"_wpcf7_ak_hp_textarea\" cols=\"45\" rows=\"8\" maxlength=\"100\"><\/textarea><\/label><input type=\"hidden\" id=\"ak_js_1\" name=\"_wpcf7_ak_js\" value=\"52\"\/><script>document.getElementById( \"ak_js_1\" ).setAttribute( \"value\", ( new Date() ).getTime() );<\/script><\/p><div class=\"wpcf7-response-output\" aria-hidden=\"true\"><\/div>\n<\/form>\n<\/div>\n\n<div class='watch-action'><div class='watch-position align-left'><div class='action-like'><a class='lbg-style2 like-4 jlk' href='javascript:void(0)' data-task='like' data-post_id='4' data-nonce='de4404f630' rel='nofollow'><img class='wti-pixel' src='https:\/\/www.dbarj.com.br\/wp-content\/plugins\/wti-like-post\/images\/pixel.gif' title='Like' \/><span class='lc-4 lc'>0<\/span><\/a><\/div><\/div> <div class='status-4 status align-left'><\/div><\/div><div class='wti-clear'><\/div>","protected":false},"excerpt":{"rendered":"<p>Rodrigo de Araujo Jorge \u00e9 um Distinguished Product Manager e profissional Oracle certificado (OCM 12c, 11g, MAA &amp; Cloud, Ex ACE Director, OCE Data Guard &amp; RAC &amp; Performance Tuning, OCS Security &amp; DW) com mais de 15 anos de experi\u00eancia industrial em tecnologias Oracle de alta disponibilidade, desde o Oracle Database vers\u00e3o 8i. Ele &hellip; <\/p>\n<p><a class=\"more-link btn\" href=\"https:\/\/www.dbarj.com.br\/pt-br\/sobre\/\">Continue lendo<\/a><\/p>\n","protected":false},"author":1,"featured_media":0,"parent":0,"menu_order":0,"comment_status":"closed","ping_status":"closed","template":"","meta":{"footnotes":""},"class_list":["post-4","page","type-page","status-publish","hentry","nodate","item-wrap"],"yoast_head":"<!-- This site is optimized with the Yoast SEO plugin v27.4 - https:\/\/yoast.com\/product\/yoast-seo-wordpress\/ -->\n<title>Sobre - DBA - Rodrigo Jorge - Oracle Tips and Guides<\/title>\n<meta name=\"robots\" content=\"index, follow, max-snippet:-1, max-image-preview:large, max-video-preview:-1\" \/>\n<link rel=\"canonical\" href=\"https:\/\/www.dbarj.com.br\/pt-br\/sobre\/\" \/>\n<meta name=\"twitter:label1\" content=\"Est. tempo de leitura\" \/>\n\t<meta name=\"twitter:data1\" content=\"4 minutos\" \/>\n<script type=\"application\/ld+json\" class=\"yoast-schema-graph\">{\"@context\":\"https:\\\/\\\/schema.org\",\"@graph\":[{\"@type\":\"WebPage\",\"@id\":\"https:\\\/\\\/www.dbarj.com.br\\\/pt-br\\\/sobre\\\/\",\"url\":\"https:\\\/\\\/www.dbarj.com.br\\\/pt-br\\\/sobre\\\/\",\"name\":\"Sobre - DBA - Rodrigo Jorge - Oracle Tips and Guides\",\"isPartOf\":{\"@id\":\"https:\\\/\\\/www.dbarj.com.br\\\/pt-br\\\/#website\"},\"primaryImageOfPage\":{\"@id\":\"https:\\\/\\\/www.dbarj.com.br\\\/pt-br\\\/sobre\\\/#primaryimage\"},\"image\":{\"@id\":\"https:\\\/\\\/www.dbarj.com.br\\\/pt-br\\\/sobre\\\/#primaryimage\"},\"thumbnailUrl\":\"https:\\\/\\\/www.dbarj.com.br\\\/wp-content\\\/uploads\\\/2021\\\/06\\\/Rodrigo-Jorge-225x300.jpg\",\"datePublished\":\"2013-05-15T02:25:23+00:00\",\"dateModified\":\"2024-09-05T13:58:26+00:00\",\"breadcrumb\":{\"@id\":\"https:\\\/\\\/www.dbarj.com.br\\\/pt-br\\\/sobre\\\/#breadcrumb\"},\"inLanguage\":\"pt-BR\",\"potentialAction\":[{\"@type\":\"ReadAction\",\"target\":[\"https:\\\/\\\/www.dbarj.com.br\\\/pt-br\\\/sobre\\\/\"]}]},{\"@type\":\"ImageObject\",\"inLanguage\":\"pt-BR\",\"@id\":\"https:\\\/\\\/www.dbarj.com.br\\\/pt-br\\\/sobre\\\/#primaryimage\",\"url\":\"https:\\\/\\\/www.dbarj.com.br\\\/wp-content\\\/uploads\\\/2021\\\/06\\\/Rodrigo-Jorge-225x300.jpg\",\"contentUrl\":\"https:\\\/\\\/www.dbarj.com.br\\\/wp-content\\\/uploads\\\/2021\\\/06\\\/Rodrigo-Jorge-225x300.jpg\"},{\"@type\":\"BreadcrumbList\",\"@id\":\"https:\\\/\\\/www.dbarj.com.br\\\/pt-br\\\/sobre\\\/#breadcrumb\",\"itemListElement\":[{\"@type\":\"ListItem\",\"position\":1,\"name\":\"Home\",\"item\":\"https:\\\/\\\/www.dbarj.com.br\\\/pt-br\\\/\"},{\"@type\":\"ListItem\",\"position\":2,\"name\":\"Sobre\"}]},{\"@type\":\"WebSite\",\"@id\":\"https:\\\/\\\/www.dbarj.com.br\\\/pt-br\\\/#website\",\"url\":\"https:\\\/\\\/www.dbarj.com.br\\\/pt-br\\\/\",\"name\":\"DBA - Rodrigo Jorge - Oracle Tips and Guides\",\"description\":\"Blog about Databases, Security and High Availability\",\"publisher\":{\"@id\":\"https:\\\/\\\/www.dbarj.com.br\\\/pt-br\\\/#\\\/schema\\\/person\\\/28a44ca3a6633fe4156ad1ea209d40a9\"},\"potentialAction\":[{\"@type\":\"SearchAction\",\"target\":{\"@type\":\"EntryPoint\",\"urlTemplate\":\"https:\\\/\\\/www.dbarj.com.br\\\/pt-br\\\/?s={search_term_string}\"},\"query-input\":{\"@type\":\"PropertyValueSpecification\",\"valueRequired\":true,\"valueName\":\"search_term_string\"}}],\"inLanguage\":\"pt-BR\"},{\"@type\":[\"Person\",\"Organization\"],\"@id\":\"https:\\\/\\\/www.dbarj.com.br\\\/pt-br\\\/#\\\/schema\\\/person\\\/28a44ca3a6633fe4156ad1ea209d40a9\",\"name\":\"DBA RJ\",\"image\":{\"@type\":\"ImageObject\",\"inLanguage\":\"pt-BR\",\"@id\":\"https:\\\/\\\/www.dbarj.com.br\\\/wp-content\\\/uploads\\\/2019\\\/09\\\/RodrigoJorgePOUG19.png\",\"url\":\"https:\\\/\\\/www.dbarj.com.br\\\/wp-content\\\/uploads\\\/2019\\\/09\\\/RodrigoJorgePOUG19.png\",\"contentUrl\":\"https:\\\/\\\/www.dbarj.com.br\\\/wp-content\\\/uploads\\\/2019\\\/09\\\/RodrigoJorgePOUG19.png\",\"width\":712,\"height\":712,\"caption\":\"DBA RJ\"},\"logo\":{\"@id\":\"https:\\\/\\\/www.dbarj.com.br\\\/wp-content\\\/uploads\\\/2019\\\/09\\\/RodrigoJorgePOUG19.png\"}}]}<\/script>\n<!-- \/ Yoast SEO plugin. -->","yoast_head_json":{"title":"Sobre - DBA - Rodrigo Jorge - Oracle Tips and Guides","robots":{"index":"index","follow":"follow","max-snippet":"max-snippet:-1","max-image-preview":"max-image-preview:large","max-video-preview":"max-video-preview:-1"},"canonical":"https:\/\/www.dbarj.com.br\/pt-br\/sobre\/","twitter_misc":{"Est. tempo de leitura":"4 minutos"},"schema":{"@context":"https:\/\/schema.org","@graph":[{"@type":"WebPage","@id":"https:\/\/www.dbarj.com.br\/pt-br\/sobre\/","url":"https:\/\/www.dbarj.com.br\/pt-br\/sobre\/","name":"Sobre - DBA - Rodrigo Jorge - Oracle Tips and Guides","isPartOf":{"@id":"https:\/\/www.dbarj.com.br\/pt-br\/#website"},"primaryImageOfPage":{"@id":"https:\/\/www.dbarj.com.br\/pt-br\/sobre\/#primaryimage"},"image":{"@id":"https:\/\/www.dbarj.com.br\/pt-br\/sobre\/#primaryimage"},"thumbnailUrl":"https:\/\/www.dbarj.com.br\/wp-content\/uploads\/2021\/06\/Rodrigo-Jorge-225x300.jpg","datePublished":"2013-05-15T02:25:23+00:00","dateModified":"2024-09-05T13:58:26+00:00","breadcrumb":{"@id":"https:\/\/www.dbarj.com.br\/pt-br\/sobre\/#breadcrumb"},"inLanguage":"pt-BR","potentialAction":[{"@type":"ReadAction","target":["https:\/\/www.dbarj.com.br\/pt-br\/sobre\/"]}]},{"@type":"ImageObject","inLanguage":"pt-BR","@id":"https:\/\/www.dbarj.com.br\/pt-br\/sobre\/#primaryimage","url":"https:\/\/www.dbarj.com.br\/wp-content\/uploads\/2021\/06\/Rodrigo-Jorge-225x300.jpg","contentUrl":"https:\/\/www.dbarj.com.br\/wp-content\/uploads\/2021\/06\/Rodrigo-Jorge-225x300.jpg"},{"@type":"BreadcrumbList","@id":"https:\/\/www.dbarj.com.br\/pt-br\/sobre\/#breadcrumb","itemListElement":[{"@type":"ListItem","position":1,"name":"Home","item":"https:\/\/www.dbarj.com.br\/pt-br\/"},{"@type":"ListItem","position":2,"name":"Sobre"}]},{"@type":"WebSite","@id":"https:\/\/www.dbarj.com.br\/pt-br\/#website","url":"https:\/\/www.dbarj.com.br\/pt-br\/","name":"DBA - Rodrigo Jorge - Oracle Tips and Guides","description":"Blog about Databases, Security and High Availability","publisher":{"@id":"https:\/\/www.dbarj.com.br\/pt-br\/#\/schema\/person\/28a44ca3a6633fe4156ad1ea209d40a9"},"potentialAction":[{"@type":"SearchAction","target":{"@type":"EntryPoint","urlTemplate":"https:\/\/www.dbarj.com.br\/pt-br\/?s={search_term_string}"},"query-input":{"@type":"PropertyValueSpecification","valueRequired":true,"valueName":"search_term_string"}}],"inLanguage":"pt-BR"},{"@type":["Person","Organization"],"@id":"https:\/\/www.dbarj.com.br\/pt-br\/#\/schema\/person\/28a44ca3a6633fe4156ad1ea209d40a9","name":"DBA RJ","image":{"@type":"ImageObject","inLanguage":"pt-BR","@id":"https:\/\/www.dbarj.com.br\/wp-content\/uploads\/2019\/09\/RodrigoJorgePOUG19.png","url":"https:\/\/www.dbarj.com.br\/wp-content\/uploads\/2019\/09\/RodrigoJorgePOUG19.png","contentUrl":"https:\/\/www.dbarj.com.br\/wp-content\/uploads\/2019\/09\/RodrigoJorgePOUG19.png","width":712,"height":712,"caption":"DBA RJ"},"logo":{"@id":"https:\/\/www.dbarj.com.br\/wp-content\/uploads\/2019\/09\/RodrigoJorgePOUG19.png"}}]}},"_links":{"self":[{"href":"https:\/\/www.dbarj.com.br\/pt-br\/wp-json\/wp\/v2\/pages\/4","targetHints":{"allow":["GET"]}}],"collection":[{"href":"https:\/\/www.dbarj.com.br\/pt-br\/wp-json\/wp\/v2\/pages"}],"about":[{"href":"https:\/\/www.dbarj.com.br\/pt-br\/wp-json\/wp\/v2\/types\/page"}],"author":[{"embeddable":true,"href":"https:\/\/www.dbarj.com.br\/pt-br\/wp-json\/wp\/v2\/users\/1"}],"replies":[{"embeddable":true,"href":"https:\/\/www.dbarj.com.br\/pt-br\/wp-json\/wp\/v2\/comments?post=4"}],"version-history":[{"count":5,"href":"https:\/\/www.dbarj.com.br\/pt-br\/wp-json\/wp\/v2\/pages\/4\/revisions"}],"predecessor-version":[{"id":15055,"href":"https:\/\/www.dbarj.com.br\/pt-br\/wp-json\/wp\/v2\/pages\/4\/revisions\/15055"}],"wp:attachment":[{"href":"https:\/\/www.dbarj.com.br\/pt-br\/wp-json\/wp\/v2\/media?parent=4"}],"curies":[{"name":"wp","href":"https:\/\/api.w.org\/{rel}","templated":true}]}}